{"id":647,"date":"2026-02-23T15:19:16","date_gmt":"2026-02-23T20:19:16","guid":{"rendered":"https:\/\/sebastiengagnon.ca\/blog\/?page_id=647"},"modified":"2026-03-11T07:28:18","modified_gmt":"2026-03-11T12:28:18","slug":"accueil","status":"publish","type":"page","link":"https:\/\/sebastiengagnon.ca\/blog\/","title":{"rendered":"Accueil"},"content":{"rendered":"\t\t<div data-elementor-type=\"wp-page\" data-elementor-id=\"647\" class=\"elementor elementor-647\" data-elementor-post-type=\"page\">\n\t\t\t\t<div class=\"elementor-element elementor-element-0aa99d0 e-con-full e-flex e-con e-parent\" data-id=\"0aa99d0\" data-element_type=\"container\" data-e-type=\"container\">\n\t\t\t\t<div class=\"elementor-element elementor-element-3b5d8ab elementor--h-position-center elementor--v-position-middle elementor-arrows-position-inside elementor-pagination-position-inside elementor-widget elementor-widget-slides\" data-id=\"3b5d8ab\" data-element_type=\"widget\" data-e-type=\"widget\" data-settings=\"{&quot;navigation&quot;:&quot;both&quot;,&quot;autoplay&quot;:&quot;yes&quot;,&quot;pause_on_hover&quot;:&quot;yes&quot;,&quot;pause_on_interaction&quot;:&quot;yes&quot;,&quot;autoplay_speed&quot;:5000,&quot;infinite&quot;:&quot;yes&quot;,&quot;transition&quot;:&quot;slide&quot;,&quot;transition_speed&quot;:500}\" data-widget_type=\"slides.default\">\n\t\t\t\t<div class=\"elementor-widget-container\">\n\t\t\t\t\t\t\t\t\t<div class=\"elementor-swiper\">\n\t\t\t\t\t<div class=\"elementor-slides-wrapper elementor-main-swiper swiper\" role=\"region\" aria-roledescription=\"carousel\" aria-label=\"Slides\" dir=\"ltr\" data-animation=\"fadeInUp\">\n\t\t\t\t<div class=\"swiper-wrapper elementor-slides\">\n\t\t\t\t\t\t\t\t\t\t<div class=\"elementor-repeater-item-969dddb swiper-slide\" role=\"group\" aria-roledescription=\"slide\"><div class=\"swiper-slide-bg\" role=\"img\" aria-label=\"Pop!\"><\/div><div class=\"swiper-slide-inner\" ><div class=\"swiper-slide-contents\"><div class=\"elementor-slide-heading\">SITE EN CONSTRUCTION<\/div><div class=\"elementor-slide-description\">Nouveau site en construction<\/div><div  class=\"elementor-button elementor-slide-button elementor-size-sm\">Click Here<\/div><\/div><\/div><\/div><div class=\"elementor-repeater-item-be7eae0 swiper-slide\" role=\"group\" aria-roledescription=\"slide\"><div class=\"swiper-slide-bg\" role=\"img\" aria-label=\"cropped-sebastien_gagnon_labas-si-loin_cover-1300.png\"><\/div><div class=\"swiper-slide-inner\" ><div class=\"swiper-slide-contents\"><div class=\"elementor-slide-heading\">SITE EN CONSTRUCTION<\/div><div class=\"elementor-slide-description\">Nouveau site en construction<\/div><div  class=\"elementor-button elementor-slide-button elementor-size-sm\">Click Here<\/div><\/div><\/div><\/div><div class=\"elementor-repeater-item-7e1ae40 swiper-slide\" role=\"group\" aria-roledescription=\"slide\"><div class=\"swiper-slide-bg\" role=\"img\" aria-label=\"cropped-background_bandcamp.jpg\"><\/div><div class=\"swiper-slide-inner\" ><div class=\"swiper-slide-contents\"><div class=\"elementor-slide-heading\">SITE EN CONSTRUCTION<\/div><div class=\"elementor-slide-description\">Nouveau site en construction<\/div><div  class=\"elementor-button elementor-slide-button elementor-size-sm\">Click Here<\/div><\/div><\/div><\/div>\t\t\t\t<\/div>\n\t\t\t\t\t\t\t\t\t\t\t\t\t\t\t<div class=\"elementor-swiper-button elementor-swiper-button-prev\" role=\"button\" tabindex=\"0\" aria-label=\"Previous slide\">\n\t\t\t\t\t\t\t<svg aria-hidden=\"true\" class=\"e-font-icon-svg e-eicon-chevron-left\" viewBox=\"0 0 1000 1000\" xmlns=\"http:\/\/www.w3.org\/2000\/svg\"><path d=\"M646 125C629 125 613 133 604 142L308 442C296 454 292 471 292 487 292 504 296 521 308 533L604 854C617 867 629 875 646 875 663 875 679 871 692 858 704 846 713 829 713 812 713 796 708 779 692 767L438 487 692 225C700 217 708 204 708 187 708 171 704 154 692 142 675 129 663 125 646 125Z\"><\/path><\/svg>\t\t\t\t\t\t<\/div>\n\t\t\t\t\t\t<div class=\"elementor-swiper-button elementor-swiper-button-next\" role=\"button\" tabindex=\"0\" aria-label=\"Next slide\">\n\t\t\t\t\t\t\t<svg aria-hidden=\"true\" class=\"e-font-icon-svg e-eicon-chevron-right\" viewBox=\"0 0 1000 1000\" xmlns=\"http:\/\/www.w3.org\/2000\/svg\"><path d=\"M696 533C708 521 713 504 713 487 713 471 708 454 696 446L400 146C388 133 375 125 354 125 338 125 325 129 313 142 300 154 292 171 292 187 292 204 296 221 308 233L563 492 304 771C292 783 288 800 288 817 288 833 296 850 308 863 321 871 338 875 354 875 371 875 388 867 400 854L696 533Z\"><\/path><\/svg>\t\t\t\t\t\t<\/div>\n\t\t\t\t\t\t\t\t\t\t\t\t\t\t\t\t<div class=\"swiper-pagination\"><\/div>\n\t\t\t\t\t\t\t\t\t\t\t\t<\/div>\n\t\t\t\t<\/div>\n\t\t\t\t\t\t\t\t<\/div>\n\t\t\t\t<\/div>\n\t\t\t\t<\/div>\n\t\t<div class=\"elementor-element elementor-element-a1ad947 e-flex e-con-boxed e-con e-parent\" data-id=\"a1ad947\" data-element_type=\"container\" data-e-type=\"container\">\n\t\t\t\t\t<div class=\"e-con-inner\">\n\t\t\t\t<div class=\"elementor-element elementor-element-d7871c4 elementor-widget elementor-widget-heading\" data-id=\"d7871c4\" data-element_type=\"widget\" data-e-type=\"widget\" data-widget_type=\"heading.default\">\n\t\t\t\t<div class=\"elementor-widget-container\">\n\t\t\t\t\t<h2 class=\"elementor-heading-title elementor-size-default\">Bienvenu sur mon nouveau site musical!<\/h2>\t\t\t\t<\/div>\n\t\t\t\t<\/div>\n\t\t\t\t\t<\/div>\n\t\t\t\t<\/div>\n\t\t<div class=\"elementor-element elementor-element-e4232d8 e-grid e-con-boxed e-con e-parent\" data-id=\"e4232d8\" data-element_type=\"container\" data-e-type=\"container\">\n\t\t\t\t\t<div class=\"e-con-inner\">\n\t\t\t\t<div class=\"elementor-element elementor-element-f6f826d elementor-widget elementor-widget-image\" data-id=\"f6f826d\" data-element_type=\"widget\" data-e-type=\"widget\" data-widget_type=\"image.default\">\n\t\t\t\t<div class=\"elementor-widget-container\">\n\t\t\t\t\t\t\t\t\t\t\t\t\t\t\t<img fetchpriority=\"high\" decoding=\"async\" width=\"1300\" height=\"1300\" src=\"https:\/\/sebastiengagnon.ca\/blog\/wp-content\/uploads\/2022\/04\/sebastien_gagnon_labas-si-loin_cover-1300.png\" class=\"attachment-full size-full wp-image-458\" alt=\"\" srcset=\"https:\/\/sebastiengagnon.ca\/blog\/wp-content\/uploads\/2022\/04\/sebastien_gagnon_labas-si-loin_cover-1300.png 1300w, https:\/\/sebastiengagnon.ca\/blog\/wp-content\/uploads\/2022\/04\/sebastien_gagnon_labas-si-loin_cover-1300-300x300.png 300w, https:\/\/sebastiengagnon.ca\/blog\/wp-content\/uploads\/2022\/04\/sebastien_gagnon_labas-si-loin_cover-1300-100x100.png 100w, https:\/\/sebastiengagnon.ca\/blog\/wp-content\/uploads\/2022\/04\/sebastien_gagnon_labas-si-loin_cover-1300-600x600.png 600w, https:\/\/sebastiengagnon.ca\/blog\/wp-content\/uploads\/2022\/04\/sebastien_gagnon_labas-si-loin_cover-1300-1024x1024.png 1024w, https:\/\/sebastiengagnon.ca\/blog\/wp-content\/uploads\/2022\/04\/sebastien_gagnon_labas-si-loin_cover-1300-150x150.png 150w, https:\/\/sebastiengagnon.ca\/blog\/wp-content\/uploads\/2022\/04\/sebastien_gagnon_labas-si-loin_cover-1300-768x768.png 768w, https:\/\/sebastiengagnon.ca\/blog\/wp-content\/uploads\/2022\/04\/sebastien_gagnon_labas-si-loin_cover-1300-200x200.png 200w, https:\/\/sebastiengagnon.ca\/blog\/wp-content\/uploads\/2022\/04\/sebastien_gagnon_labas-si-loin_cover-1300-560x560.png 560w\" sizes=\"(max-width: 1300px) 100vw, 1300px\" \/>\t\t\t\t\t\t\t\t\t\t\t\t\t\t\t<\/div>\n\t\t\t\t<\/div>\n\t\t\t\t<div class=\"elementor-element elementor-element-daaf387 elementor-widget elementor-widget-text-editor\" data-id=\"daaf387\" data-element_type=\"widget\" data-e-type=\"widget\" data-widget_type=\"text-editor.default\">\n\t\t\t\t<div class=\"elementor-widget-container\">\n\t\t\t\t\t\t\t\t\t<p><strong>Programmer un site ou produire de la musique? L\u00e0 est la question!<\/strong><\/p><p>Pendant longtemps, je fabriquais ce site moi\u2011m\u00eame. \u00c0 chaque changement, je devais \u00e9diter le code manuellement. Pour ajouter une page, je devais modifier toutes les autres afin d\u2019ajuster le menu dans chacune d\u2019elles. L&#8217;id\u00e9e \u00e9tait d&#8217;avoir un &#8220;<em>One-Pager<\/em>&#8221; par album. Par manque de temps, j\u2019ai d\u00fb me r\u00e9soudre \u00e0 revenir vers une plateforme qui g\u00e8re automatiquement la mise en page.<\/p><p><em>Je reviens donc \u00e0 WordPress, et je ne m\u2019en cache pas!<\/em><br \/>J\u2019avais quitt\u00e9 WordPress parce que programmer directement en HTML me permettait de cr\u00e9er un style de page tr\u00e8s personnalis\u00e9. L\u2019envers de la m\u00e9daille, c\u2019est que le temps pass\u00e9 \u00e0 d\u00e9velopper le site est du temps que je n\u2019ai pas pour produire de la musique.<\/p><p>En r\u00e9alit\u00e9, on peut faire ce qu\u2019on veut dans WordPress; il suffit de prendre le temps de lire la documentation et d\u2019exp\u00e9rimenter. Au final, je suis gagnant, car maintenant j\u2019ai la connaissance et je peux vous pr\u00e9senter ce contenu sans trop gal\u00e9rer avec les lignes de code!<\/p><p><strong>&#8230;et toujours libre!<\/strong><\/p><p>Oui, WordPress est install\u00e9 sur mon serveur priv\u00e9 que je loue chez un h\u00e9bergeur. Le syst\u00e8me d&#8217;exploitation est Debian GNU\/Linux !<\/p>\t\t\t\t\t\t\t\t<\/div>\n\t\t\t\t<\/div>\n\t\t\t\t\t<\/div>\n\t\t\t\t<\/div>\n\t\t<div class=\"elementor-element elementor-element-ccd7387 e-flex e-con-boxed e-con e-parent\" data-id=\"ccd7387\" data-element_type=\"container\" data-e-type=\"container\">\n\t\t\t\t\t<div class=\"e-con-inner\">\n\t\t\t\t<div class=\"elementor-element elementor-element-e27e70f elementor-widget-divider--view-line elementor-widget elementor-widget-divider\" data-id=\"e27e70f\" data-element_type=\"widget\" data-e-type=\"widget\" data-widget_type=\"divider.default\">\n\t\t\t\t<div class=\"elementor-widget-container\">\n\t\t\t\t\t\t\t<div class=\"elementor-divider\">\n\t\t\t<span class=\"elementor-divider-separator\">\n\t\t\t\t\t\t<\/span>\n\t\t<\/div>\n\t\t\t\t\t\t<\/div>\n\t\t\t\t<\/div>\n\t\t\t\t<div class=\"elementor-element elementor-element-3041a31 elementor-widget elementor-widget-heading\" data-id=\"3041a31\" data-element_type=\"widget\" data-e-type=\"widget\" data-widget_type=\"heading.default\">\n\t\t\t\t<div class=\"elementor-widget-container\">\n\t\t\t\t\t<h2 class=\"elementor-heading-title elementor-size-default\">Nouveaut\u00e9<\/h2>\t\t\t\t<\/div>\n\t\t\t\t<\/div>\n\t\t\t\t\t<\/div>\n\t\t\t\t<\/div>\n\t\t<div class=\"elementor-element elementor-element-0b5aa37 e-flex e-con-boxed e-con e-parent\" data-id=\"0b5aa37\" data-element_type=\"container\" data-e-type=\"container\">\n\t\t\t\t\t<div class=\"e-con-inner\">\n\t\t\t\t<div class=\"elementor-element elementor-element-eb94d5b elementor-widget elementor-widget-text-editor\" data-id=\"eb94d5b\" data-element_type=\"widget\" data-e-type=\"widget\" data-widget_type=\"text-editor.default\">\n\t\t\t\t<div class=\"elementor-widget-container\">\n\t\t\t\t\t\t\t\t\t<p><strong>Une grande nouveaut\u00e9<\/strong><\/p><p>Vous offrir la possibilit\u00e9 d&#8217;\u00e9couter mes albums et autres cr\u00e9ations musicales sans passer par les plateformes audio-num\u00e9riques payantes. Je vais vous le dire en toute transparence que je ne fais pas d&#8217;argent avec Spotify et les autres magasins en ligne. Pour moi, c&#8217;est une vitrine et rien de plus. Alors autant partager ma musique ici. Libre \u00e0 vous d&#8217;\u00e9couter ma musique sur votre plateforme pr\u00e9f\u00e9r\u00e9e ou ici!<\/p><p>De plus, ici je ne suis plus contraint de ne publier que des oeuvres originales. Je vais me permettre librement de reproduire des chansons existantes sans me soucier des paperasses demand\u00e9 par le distributeur. Certes, ces titres musicaux seront exclusifs ici.<\/p><p>Enfin, il y a plusieurs compositions que je ne publie pas sur les plateformes car elles ne sont peut-\u00eatre pas aussi &#8220;pro&#8221; qu&#8217;elle le devrait, ou encore elles ne cadrent pas dans le projet d&#8217;un album.<\/p><p>Restez \u00e0 l&#8217;aff\u00fbt de mes nouveaut\u00e9s qui seront annonc\u00e9es ici en page d&#8217;accueil!<\/p><p>Merci!<\/p><p>S\u00e9bastien.<\/p>\t\t\t\t\t\t\t\t<\/div>\n\t\t\t\t<\/div>\n\t\t\t\t\t<\/div>\n\t\t\t\t<\/div>\n\t\t\t\t<\/div>\n\t\t","protected":false},"excerpt":{"rendered":"<p>SITE EN CONSTRUCTIONNouveau site en constructionClick HereSITE EN CONSTRUCTIONNouveau site en constructionClick HereSITE EN CONSTRUCTIONNouveau site en constructionClick Here Bienvenu sur mon nouveau site musical! Programmer un site ou produire de la musique? L\u00e0 est la question! Pendant longtemps, je fabriquais ce site moi\u2011m\u00eame. \u00c0 chaque changement, je devais \u00e9diter&hellip; <\/p>\n","protected":false},"author":1,"featured_media":0,"parent":0,"menu_order":0,"comment_status":"closed","ping_status":"closed","template":"elementor_header_footer","meta":{"footnotes":""},"class_list":["post-647","page","type-page","status-publish","hentry"],"_links":{"self":[{"href":"https:\/\/sebastiengagnon.ca\/blog\/index.php\/wp-json\/wp\/v2\/pages\/647","targetHints":{"allow":["GET"]}}],"collection":[{"href":"https:\/\/sebastiengagnon.ca\/blog\/index.php\/wp-json\/wp\/v2\/pages"}],"about":[{"href":"https:\/\/sebastiengagnon.ca\/blog\/index.php\/wp-json\/wp\/v2\/types\/page"}],"author":[{"embeddable":true,"href":"https:\/\/sebastiengagnon.ca\/blog\/index.php\/wp-json\/wp\/v2\/users\/1"}],"replies":[{"embeddable":true,"href":"https:\/\/sebastiengagnon.ca\/blog\/index.php\/wp-json\/wp\/v2\/comments?post=647"}],"version-history":[{"count":88,"href":"https:\/\/sebastiengagnon.ca\/blog\/index.php\/wp-json\/wp\/v2\/pages\/647\/revisions"}],"predecessor-version":[{"id":1290,"href":"https:\/\/sebastiengagnon.ca\/blog\/index.php\/wp-json\/wp\/v2\/pages\/647\/revisions\/1290"}],"wp:attachment":[{"href":"https:\/\/sebastiengagnon.ca\/blog\/index.php\/wp-json\/wp\/v2\/media?parent=647"}],"curies":[{"name":"wp","href":"https:\/\/api.w.org\/{rel}","templated":true}]}}