{"id":39,"date":"2020-10-24T08:39:52","date_gmt":"2020-10-24T13:39:52","guid":{"rendered":"https:\/\/sebastiengagnon.ca\/?page_id=39"},"modified":"2022-04-07T15:27:29","modified_gmt":"2022-04-07T20:27:29","slug":"a-propos","status":"publish","type":"page","link":"https:\/\/sebastiengagnon.ca\/blog\/index.php\/a-propos\/","title":{"rendered":"A propos"},"content":{"rendered":"\n<figure class=\"wp-block-image size-large is-resized\"><img fetchpriority=\"high\" decoding=\"async\" src=\"https:\/\/sebastiengagnon.ca\/wp-content\/uploads\/2021\/10\/sg-header-v1.1-2021-1024x576.png\" alt=\"\" class=\"wp-image-381\" width=\"840\" height=\"472\" srcset=\"https:\/\/sebastiengagnon.ca\/blog\/wp-content\/uploads\/2021\/10\/sg-header-v1.1-2021-1024x576.png 1024w, https:\/\/sebastiengagnon.ca\/blog\/wp-content\/uploads\/2021\/10\/sg-header-v1.1-2021-600x338.png 600w, https:\/\/sebastiengagnon.ca\/blog\/wp-content\/uploads\/2021\/10\/sg-header-v1.1-2021-300x169.png 300w, https:\/\/sebastiengagnon.ca\/blog\/wp-content\/uploads\/2021\/10\/sg-header-v1.1-2021-768x432.png 768w, https:\/\/sebastiengagnon.ca\/blog\/wp-content\/uploads\/2021\/10\/sg-header-v1.1-2021-1536x864.png 1536w, https:\/\/sebastiengagnon.ca\/blog\/wp-content\/uploads\/2021\/10\/sg-header-v1.1-2021.png 1920w\" sizes=\"(max-width: 840px) 100vw, 840px\" \/><\/figure>\n\n\n\n<p>Initi\u00e9 \u00e0 l&#8217;orgue d\u00e8s l&#8217;\u00e2ge de six ans, je suis tomb\u00e9 en amour avec la cr\u00e9ation musicale, des agencements entre les sons, accords et rythmes. J&#8217;ai compos\u00e9 ma premi\u00e8re v\u00e9ritable m\u00e9lodie en 1988. Bien que plus de 35 ans soit pass\u00e9, je suis toujours en apprentissage, clavier et piano offrent tellement de possibilit\u00e9s. Alors bienvenue dans mon monde de cr\u00e9ation musicale. Je ne me pr\u00e9tends pas virtuose, mais je veux juste simplement vous partager ma passion!<\/p>\n","protected":false},"excerpt":{"rendered":"<p>Initi\u00e9 \u00e0 l&#8217;orgue d\u00e8s l&#8217;\u00e2ge de six ans, je suis tomb\u00e9 en amour avec la cr\u00e9ation musicale, des agencements entre les sons, accords et rythmes. J&#8217;ai compos\u00e9 ma premi\u00e8re v\u00e9ritable m\u00e9lodie en 1988. Bien que plus de 35 ans soit pass\u00e9, je suis toujours en apprentissage, clavier et piano offrent&hellip; <\/p>\n","protected":false},"author":1,"featured_media":0,"parent":0,"menu_order":0,"comment_status":"closed","ping_status":"closed","template":"","meta":{"footnotes":""},"class_list":["post-39","page","type-page","status-publish","hentry"],"_links":{"self":[{"href":"https:\/\/sebastiengagnon.ca\/blog\/index.php\/wp-json\/wp\/v2\/pages\/39","targetHints":{"allow":["GET"]}}],"collection":[{"href":"https:\/\/sebastiengagnon.ca\/blog\/index.php\/wp-json\/wp\/v2\/pages"}],"about":[{"href":"https:\/\/sebastiengagnon.ca\/blog\/index.php\/wp-json\/wp\/v2\/types\/page"}],"author":[{"embeddable":true,"href":"https:\/\/sebastiengagnon.ca\/blog\/index.php\/wp-json\/wp\/v2\/users\/1"}],"replies":[{"embeddable":true,"href":"https:\/\/sebastiengagnon.ca\/blog\/index.php\/wp-json\/wp\/v2\/comments?post=39"}],"version-history":[{"count":3,"href":"https:\/\/sebastiengagnon.ca\/blog\/index.php\/wp-json\/wp\/v2\/pages\/39\/revisions"}],"predecessor-version":[{"id":489,"href":"https:\/\/sebastiengagnon.ca\/blog\/index.php\/wp-json\/wp\/v2\/pages\/39\/revisions\/489"}],"wp:attachment":[{"href":"https:\/\/sebastiengagnon.ca\/blog\/index.php\/wp-json\/wp\/v2\/media?parent=39"}],"curies":[{"name":"wp","href":"https:\/\/api.w.org\/{rel}","templated":true}]}}