{"id":1362,"date":"2026-03-17T14:02:12","date_gmt":"2026-03-17T19:02:12","guid":{"rendered":"https:\/\/sebastiengagnon.ca\/blog\/?page_id=1362"},"modified":"2026-03-18T15:39:25","modified_gmt":"2026-03-18T20:39:25","slug":"biographie","status":"publish","type":"page","link":"https:\/\/sebastiengagnon.ca\/blog\/index.php\/biographie\/","title":{"rendered":"Biographie"},"content":{"rendered":"\t\t<div data-elementor-type=\"wp-page\" data-elementor-id=\"1362\" class=\"elementor elementor-1362\" data-elementor-post-type=\"page\">\n\t\t\t\t<div class=\"elementor-element elementor-element-0390390 e-flex e-con-boxed e-con e-parent\" data-id=\"0390390\" data-element_type=\"container\" data-e-type=\"container\">\n\t\t\t\t\t<div class=\"e-con-inner\">\n\t\t\t\t<div class=\"elementor-element elementor-element-4e217b7 elementor-invisible elementor-widget elementor-widget-heading\" data-id=\"4e217b7\" data-element_type=\"widget\" data-e-type=\"widget\" data-settings=\"{&quot;_animation&quot;:&quot;fadeInRight&quot;}\" data-widget_type=\"heading.default\">\n\t\t\t\t<div class=\"elementor-widget-container\">\n\t\t\t\t\t<h2 class=\"elementor-heading-title elementor-size-default\">Biographie<\/h2>\t\t\t\t<\/div>\n\t\t\t\t<\/div>\n\t\t\t\t<div class=\"elementor-element elementor-element-4bc2eb0 elementor-widget-divider--separator-type-pattern elementor-widget-divider--no-spacing elementor-widget-divider--view-line elementor-invisible elementor-widget elementor-widget-divider\" data-id=\"4bc2eb0\" data-element_type=\"widget\" data-e-type=\"widget\" data-settings=\"{&quot;_animation&quot;:&quot;fadeInLeft&quot;}\" data-widget_type=\"divider.default\">\n\t\t\t\t<div class=\"elementor-widget-container\">\n\t\t\t\t\t\t\t<div class=\"elementor-divider\" style=\"--divider-pattern-url: url(&quot;data:image\/svg+xml,%3Csvg xmlns=&#039;http:\/\/www.w3.org\/2000\/svg&#039; preserveAspectRatio=&#039;xMidYMid meet&#039; overflow=&#039;visible&#039; height=&#039;100%&#039; viewBox=&#039;0 0 120 26&#039; fill=&#039;black&#039; stroke=&#039;none&#039;%3E%3Cpath d=&#039;M54,1.6V26h-9V2.5L54,1.6z M69,1.6v23.3L60,26V1.6H69z M24,1.6v23.5l-9-0.6V1.6H24z M30,0l9,0.7v24.5h-9V0z M9,2.5v22H0V3.7L9,2.5z M75,1.6l9,0.9v22h-9V1.6z M99,2.7v21.7h-9V3.8L99,2.7z M114,3.8v20.7l-9-0.5V3.8L114,3.8z&#039;\/%3E%3C\/svg%3E&quot;);\">\n\t\t\t<span class=\"elementor-divider-separator\">\n\t\t\t\t\t\t<\/span>\n\t\t<\/div>\n\t\t\t\t\t\t<\/div>\n\t\t\t\t<\/div>\n\t\t\t\t\t<\/div>\n\t\t\t\t<\/div>\n\t\t<div class=\"elementor-element elementor-element-8a9a7ec e-flex e-con-boxed e-con e-parent\" data-id=\"8a9a7ec\" data-element_type=\"container\" data-e-type=\"container\">\n\t\t\t\t\t<div class=\"e-con-inner\">\n\t\t<div class=\"elementor-element elementor-element-96eccde e-con-full e-flex e-con e-child\" data-id=\"96eccde\" data-element_type=\"container\" data-e-type=\"container\">\n\t\t\t\t<div class=\"elementor-element elementor-element-0e50f9e elementor-invisible elementor-widget elementor-widget-image\" data-id=\"0e50f9e\" data-element_type=\"widget\" data-e-type=\"widget\" data-settings=\"{&quot;_animation&quot;:&quot;fadeInLeft&quot;}\" data-widget_type=\"image.default\">\n\t\t\t\t<div class=\"elementor-widget-container\">\n\t\t\t\t\t\t\t\t\t\t\t\t\t\t\t<img fetchpriority=\"high\" decoding=\"async\" width=\"579\" height=\"679\" src=\"https:\/\/sebastiengagnon.ca\/blog\/wp-content\/uploads\/2026\/03\/sg-profil-photo.png\" class=\"attachment-full size-full wp-image-1407\" alt=\"\" srcset=\"https:\/\/sebastiengagnon.ca\/blog\/wp-content\/uploads\/2026\/03\/sg-profil-photo.png 579w, https:\/\/sebastiengagnon.ca\/blog\/wp-content\/uploads\/2026\/03\/sg-profil-photo-256x300.png 256w\" sizes=\"(max-width: 579px) 100vw, 579px\" \/>\t\t\t\t\t\t\t\t\t\t\t\t\t\t\t<\/div>\n\t\t\t\t<\/div>\n\t\t\t\t<\/div>\n\t\t<div class=\"elementor-element elementor-element-b6efdb4 e-con-full animated-slow e-flex elementor-invisible e-con e-child\" data-id=\"b6efdb4\" data-element_type=\"container\" data-e-type=\"container\" data-settings=\"{&quot;animation&quot;:&quot;zoomIn&quot;}\">\n\t\t\t\t<div class=\"elementor-element elementor-element-58738dc elementor-widget elementor-widget-heading\" data-id=\"58738dc\" data-element_type=\"widget\" data-e-type=\"widget\" data-widget_type=\"heading.default\">\n\t\t\t\t<div class=\"elementor-widget-container\">\n\t\t\t\t\t<h2 class=\"elementor-heading-title elementor-size-default\">L'artiste<\/h2>\t\t\t\t<\/div>\n\t\t\t\t<\/div>\n\t\t\t\t<div class=\"elementor-element elementor-element-e77ecea elementor-widget elementor-widget-text-editor\" data-id=\"e77ecea\" data-element_type=\"widget\" data-e-type=\"widget\" data-widget_type=\"text-editor.default\">\n\t\t\t\t<div class=\"elementor-widget-container\">\n\t\t\t\t\t\t\t\t\t<p>N\u00e9 sous le signe des harmonies et initi\u00e9 \u00e0 l\u2019orgue d\u00e8s l\u2019\u00e2ge de six ans, je d\u00e9couvre tr\u00e8s t\u00f4t la magie des sons qui s\u2019entrelacent, des accords qui respirent et des rythmes qui racontent. En 1988, je compose ma premi\u00e8re v\u00e9ritable m\u00e9lodie \u2014 un moment fondateur qui marque le d\u00e9but d\u2019un voyage cr\u00e9atif qui ne s\u2019est jamais interrompu.<br \/><br \/>Plus de trois d\u00e9cennies plus tard, ma musique continue d\u2019\u00e9voluer chaque jour. La synth\u00e8se sonore, avec son univers infini de textures et de possibilit\u00e9s, est devenue mon terrain de jeu privil\u00e9gi\u00e9. Cr\u00e9er est pour moi bien plus qu\u2019un geste artistique\u202f: c\u2019est un exutoire, une respiration essentielle face \u00e0 la routine, aux d\u00e9fis et aux anxi\u00e9t\u00e9s du quotidien.<br \/><br \/>Mon univers musical est nourri d\u2019influences aussi riches qu\u2019\u00e9clectiques\u202f: de Mozart \u00e0 Rachmaninov, de The Beatles \u00e0 Radiohead, de Vangelis \u00e0 Nine Inch Nails, en passant par Dream Theater, Cradle of Filth, Bonobo, The Police, Weezer ou encore Styx. Cette diversit\u00e9 fa\u00e7onne une signature sonore personnelle, \u00e0 la crois\u00e9e de l\u2019\u00e9motion, de l\u2019exp\u00e9rimentation et de l\u2019instinct. Je compose parce que je ne peux pas faire autrement. La musique est mon langage, mon refuge, et ma mani\u00e8re de donner forme \u00e0 ce qui m\u2019habite.<\/p>\t\t\t\t\t\t\t\t<\/div>\n\t\t\t\t<\/div>\n\t\t\t\t<\/div>\n\t\t\t\t\t<\/div>\n\t\t\t\t<\/div>\n\t\t<div class=\"elementor-element elementor-element-cc2d71d e-flex e-con-boxed e-con e-parent\" data-id=\"cc2d71d\" data-element_type=\"container\" data-e-type=\"container\">\n\t\t\t\t\t<div class=\"e-con-inner\">\n\t\t\t\t<div class=\"elementor-element elementor-element-bcb34a1 elementor-invisible elementor-widget elementor-widget-heading\" data-id=\"bcb34a1\" data-element_type=\"widget\" data-e-type=\"widget\" data-settings=\"{&quot;_animation&quot;:&quot;zoomIn&quot;}\" data-widget_type=\"heading.default\">\n\t\t\t\t<div class=\"elementor-widget-container\">\n\t\t\t\t\t<h2 class=\"elementor-heading-title elementor-size-default\">Carri\u00e8re professionnelle<\/h2>\t\t\t\t<\/div>\n\t\t\t\t<\/div>\n\t\t\t\t<div class=\"elementor-element elementor-element-04e838e animated-slow elementor-invisible elementor-widget elementor-widget-text-editor\" data-id=\"04e838e\" data-element_type=\"widget\" data-e-type=\"widget\" data-settings=\"{&quot;_animation&quot;:&quot;fadeIn&quot;}\" data-widget_type=\"text-editor.default\">\n\t\t\t\t<div class=\"elementor-widget-container\">\n\t\t\t\t\t\t\t\t\t<p>S\u00e9bastien Gagnon est un technicien informatique cumulant plus de 25 ans d\u2019exp\u00e9rience dans le domaine des technologies de l\u2019information. Au fil de sa carri\u00e8re, il a d\u00e9velopp\u00e9 une expertise polyvalente couvrant plusieurs secteurs cl\u00e9s, notamment le multim\u00e9dia, l\u2019administration de r\u00e9seaux, la gestion de serveurs Linux, l\u2019h\u00e9bergement web et la cr\u00e9ation de sites internet. Il poss\u00e8de \u00e9galement une solide exp\u00e9rience en manipulation d\u2019images, en programmation de logiciels et en d\u00e9veloppement de scripts destin\u00e9s \u00e0 automatiser des t\u00e2ches ou optimiser des processus internes. Cette diversit\u00e9 de comp\u00e9tences lui permet d\u2019aborder les environnements techniques avec une vision globale et une grande capacit\u00e9 d\u2019adaptation. Reconnu pour sa rigueur, son autonomie et sa compr\u00e9hension approfondie des syst\u00e8mes informatiques, il se distingue par sa capacit\u00e9 \u00e0 analyser, diagnostiquer et r\u00e9soudre efficacement des probl\u00e9matiques complexes. Son parcours t\u00e9moigne d\u2019une ma\u00eetrise technique \u00e9tendue et d\u2019une volont\u00e9 constante de suivre l\u2019\u00e9volution des technologies pour offrir des solutions fiables et durables<\/p>\t\t\t\t\t\t\t\t<\/div>\n\t\t\t\t<\/div>\n\t\t\t\t<div class=\"elementor-element elementor-element-9d36c4d elementor-widget elementor-widget-heading\" data-id=\"9d36c4d\" data-element_type=\"widget\" data-e-type=\"widget\" data-widget_type=\"heading.default\">\n\t\t\t\t<div class=\"elementor-widget-container\">\n\t\t\t\t\t<h2 class=\"elementor-heading-title elementor-size-default\">Mon studio<\/h2>\t\t\t\t<\/div>\n\t\t\t\t<\/div>\n\t\t\t\t\t<\/div>\n\t\t\t\t<\/div>\n\t\t<div class=\"elementor-element elementor-element-c6e9e1e e-flex e-con-boxed e-con e-parent\" data-id=\"c6e9e1e\" data-element_type=\"container\" data-e-type=\"container\">\n\t\t\t\t\t<div class=\"e-con-inner\">\n\t\t\t\t<div class=\"elementor-element elementor-element-14d51d3 elementor-widget elementor-widget-gallery\" data-id=\"14d51d3\" data-element_type=\"widget\" data-e-type=\"widget\" data-settings=\"{&quot;lazyload&quot;:&quot;yes&quot;,&quot;gallery_layout&quot;:&quot;grid&quot;,&quot;columns&quot;:4,&quot;columns_tablet&quot;:2,&quot;columns_mobile&quot;:1,&quot;gap&quot;:{&quot;unit&quot;:&quot;px&quot;,&quot;size&quot;:10,&quot;sizes&quot;:[]},&quot;gap_tablet&quot;:{&quot;unit&quot;:&quot;px&quot;,&quot;size&quot;:10,&quot;sizes&quot;:[]},&quot;gap_mobile&quot;:{&quot;unit&quot;:&quot;px&quot;,&quot;size&quot;:10,&quot;sizes&quot;:[]},&quot;link_to&quot;:&quot;file&quot;,&quot;aspect_ratio&quot;:&quot;3:2&quot;,&quot;overlay_background&quot;:&quot;yes&quot;,&quot;content_hover_animation&quot;:&quot;fade-in&quot;}\" data-widget_type=\"gallery.default\">\n\t\t\t\t<div class=\"elementor-widget-container\">\n\t\t\t\t\t\t\t<div class=\"elementor-gallery__container\">\n\t\t\t\t\t\t\t<a class=\"e-gallery-item elementor-gallery-item elementor-animated-content\" href=\"https:\/\/sebastiengagnon.ca\/blog\/wp-content\/uploads\/2026\/03\/studio1-scaled.jpg\" data-elementor-open-lightbox=\"yes\" data-elementor-lightbox-slideshow=\"14d51d3\" data-elementor-lightbox-title=\"studio1\" data-e-action-hash=\"#elementor-action%3Aaction%3Dlightbox%26settings%3DeyJpZCI6MTM3NSwidXJsIjoiaHR0cHM6XC9cL3NlYmFzdGllbmdhZ25vbi5jYVwvYmxvZ1wvd3AtY29udGVudFwvdXBsb2Fkc1wvMjAyNlwvMDNcL3N0dWRpbzEtc2NhbGVkLmpwZyIsInNsaWRlc2hvdyI6IjE0ZDUxZDMifQ%3D%3D\">\n\t\t\t\t\t<div class=\"e-gallery-image elementor-gallery-item__image\" data-thumbnail=\"https:\/\/sebastiengagnon.ca\/blog\/wp-content\/uploads\/2026\/03\/studio1-300x225.jpg\" data-width=\"300\" data-height=\"225\" aria-label=\"\" role=\"img\" ><\/div>\n\t\t\t\t\t\t\t\t\t\t\t<div class=\"elementor-gallery-item__overlay\"><\/div>\n\t\t\t\t\t\t\t\t\t\t\t\t\t\t<\/a>\n\t\t\t\t\t\t\t<a class=\"e-gallery-item elementor-gallery-item elementor-animated-content\" href=\"https:\/\/sebastiengagnon.ca\/blog\/wp-content\/uploads\/2026\/03\/studio2-scaled.jpg\" data-elementor-open-lightbox=\"yes\" data-elementor-lightbox-slideshow=\"14d51d3\" data-elementor-lightbox-title=\"studio2\" data-e-action-hash=\"#elementor-action%3Aaction%3Dlightbox%26settings%3DeyJpZCI6MTM3NywidXJsIjoiaHR0cHM6XC9cL3NlYmFzdGllbmdhZ25vbi5jYVwvYmxvZ1wvd3AtY29udGVudFwvdXBsb2Fkc1wvMjAyNlwvMDNcL3N0dWRpbzItc2NhbGVkLmpwZyIsInNsaWRlc2hvdyI6IjE0ZDUxZDMifQ%3D%3D\">\n\t\t\t\t\t<div class=\"e-gallery-image elementor-gallery-item__image\" data-thumbnail=\"https:\/\/sebastiengagnon.ca\/blog\/wp-content\/uploads\/2026\/03\/studio2-300x225.jpg\" data-width=\"300\" data-height=\"225\" aria-label=\"\" role=\"img\" ><\/div>\n\t\t\t\t\t\t\t\t\t\t\t<div class=\"elementor-gallery-item__overlay\"><\/div>\n\t\t\t\t\t\t\t\t\t\t\t\t\t\t<\/a>\n\t\t\t\t\t\t\t<a class=\"e-gallery-item elementor-gallery-item elementor-animated-content\" href=\"https:\/\/sebastiengagnon.ca\/blog\/wp-content\/uploads\/2026\/03\/studio3-scaled.jpg\" data-elementor-open-lightbox=\"yes\" data-elementor-lightbox-slideshow=\"14d51d3\" data-elementor-lightbox-title=\"studio3\" data-e-action-hash=\"#elementor-action%3Aaction%3Dlightbox%26settings%3DeyJpZCI6MTM4NiwidXJsIjoiaHR0cHM6XC9cL3NlYmFzdGllbmdhZ25vbi5jYVwvYmxvZ1wvd3AtY29udGVudFwvdXBsb2Fkc1wvMjAyNlwvMDNcL3N0dWRpbzMtc2NhbGVkLmpwZyIsInNsaWRlc2hvdyI6IjE0ZDUxZDMifQ%3D%3D\">\n\t\t\t\t\t<div class=\"e-gallery-image elementor-gallery-item__image\" data-thumbnail=\"https:\/\/sebastiengagnon.ca\/blog\/wp-content\/uploads\/2026\/03\/studio3-300x225.jpg\" data-width=\"300\" data-height=\"225\" aria-label=\"\" role=\"img\" ><\/div>\n\t\t\t\t\t\t\t\t\t\t\t<div class=\"elementor-gallery-item__overlay\"><\/div>\n\t\t\t\t\t\t\t\t\t\t\t\t\t\t<\/a>\n\t\t\t\t\t\t\t<a class=\"e-gallery-item elementor-gallery-item elementor-animated-content\" href=\"https:\/\/sebastiengagnon.ca\/blog\/wp-content\/uploads\/2026\/03\/studio4-scaled.jpg\" data-elementor-open-lightbox=\"yes\" data-elementor-lightbox-slideshow=\"14d51d3\" data-elementor-lightbox-title=\"studio4\" data-e-action-hash=\"#elementor-action%3Aaction%3Dlightbox%26settings%3DeyJpZCI6MTM4NywidXJsIjoiaHR0cHM6XC9cL3NlYmFzdGllbmdhZ25vbi5jYVwvYmxvZ1wvd3AtY29udGVudFwvdXBsb2Fkc1wvMjAyNlwvMDNcL3N0dWRpbzQtc2NhbGVkLmpwZyIsInNsaWRlc2hvdyI6IjE0ZDUxZDMifQ%3D%3D\">\n\t\t\t\t\t<div class=\"e-gallery-image elementor-gallery-item__image\" data-thumbnail=\"https:\/\/sebastiengagnon.ca\/blog\/wp-content\/uploads\/2026\/03\/studio4-300x225.jpg\" data-width=\"300\" data-height=\"225\" aria-label=\"\" role=\"img\" ><\/div>\n\t\t\t\t\t\t\t\t\t\t\t<div class=\"elementor-gallery-item__overlay\"><\/div>\n\t\t\t\t\t\t\t\t\t\t\t\t\t\t<\/a>\n\t\t\t\t\t\t\t<a class=\"e-gallery-item elementor-gallery-item elementor-animated-content\" href=\"https:\/\/sebastiengagnon.ca\/blog\/wp-content\/uploads\/2026\/03\/studio5-scaled.jpg\" data-elementor-open-lightbox=\"yes\" data-elementor-lightbox-slideshow=\"14d51d3\" data-elementor-lightbox-title=\"studio5\" data-e-action-hash=\"#elementor-action%3Aaction%3Dlightbox%26settings%3DeyJpZCI6MTM4OCwidXJsIjoiaHR0cHM6XC9cL3NlYmFzdGllbmdhZ25vbi5jYVwvYmxvZ1wvd3AtY29udGVudFwvdXBsb2Fkc1wvMjAyNlwvMDNcL3N0dWRpbzUtc2NhbGVkLmpwZyIsInNsaWRlc2hvdyI6IjE0ZDUxZDMifQ%3D%3D\">\n\t\t\t\t\t<div class=\"e-gallery-image elementor-gallery-item__image\" data-thumbnail=\"https:\/\/sebastiengagnon.ca\/blog\/wp-content\/uploads\/2026\/03\/studio5-300x225.jpg\" data-width=\"300\" data-height=\"225\" aria-label=\"\" role=\"img\" ><\/div>\n\t\t\t\t\t\t\t\t\t\t\t<div class=\"elementor-gallery-item__overlay\"><\/div>\n\t\t\t\t\t\t\t\t\t\t\t\t\t\t<\/a>\n\t\t\t\t\t\t\t<a class=\"e-gallery-item elementor-gallery-item elementor-animated-content\" href=\"https:\/\/sebastiengagnon.ca\/blog\/wp-content\/uploads\/2026\/03\/studio8-scaled.jpg\" data-elementor-open-lightbox=\"yes\" data-elementor-lightbox-slideshow=\"14d51d3\" data-elementor-lightbox-title=\"studio8\" data-e-action-hash=\"#elementor-action%3Aaction%3Dlightbox%26settings%3DeyJpZCI6MTM5MCwidXJsIjoiaHR0cHM6XC9cL3NlYmFzdGllbmdhZ25vbi5jYVwvYmxvZ1wvd3AtY29udGVudFwvdXBsb2Fkc1wvMjAyNlwvMDNcL3N0dWRpbzgtc2NhbGVkLmpwZyIsInNsaWRlc2hvdyI6IjE0ZDUxZDMifQ%3D%3D\">\n\t\t\t\t\t<div class=\"e-gallery-image elementor-gallery-item__image\" data-thumbnail=\"https:\/\/sebastiengagnon.ca\/blog\/wp-content\/uploads\/2026\/03\/studio8-300x225.jpg\" data-width=\"300\" data-height=\"225\" aria-label=\"\" role=\"img\" ><\/div>\n\t\t\t\t\t\t\t\t\t\t\t<div class=\"elementor-gallery-item__overlay\"><\/div>\n\t\t\t\t\t\t\t\t\t\t\t\t\t\t<\/a>\n\t\t\t\t\t\t\t<a class=\"e-gallery-item elementor-gallery-item elementor-animated-content\" href=\"https:\/\/sebastiengagnon.ca\/blog\/wp-content\/uploads\/2026\/03\/studio9-scaled.jpg\" data-elementor-open-lightbox=\"yes\" data-elementor-lightbox-slideshow=\"14d51d3\" data-elementor-lightbox-title=\"studio9\" data-e-action-hash=\"#elementor-action%3Aaction%3Dlightbox%26settings%3DeyJpZCI6MTM5NCwidXJsIjoiaHR0cHM6XC9cL3NlYmFzdGllbmdhZ25vbi5jYVwvYmxvZ1wvd3AtY29udGVudFwvdXBsb2Fkc1wvMjAyNlwvMDNcL3N0dWRpbzktc2NhbGVkLmpwZyIsInNsaWRlc2hvdyI6IjE0ZDUxZDMifQ%3D%3D\">\n\t\t\t\t\t<div class=\"e-gallery-image elementor-gallery-item__image\" data-thumbnail=\"https:\/\/sebastiengagnon.ca\/blog\/wp-content\/uploads\/2026\/03\/studio9-300x225.jpg\" data-width=\"300\" data-height=\"225\" aria-label=\"\" role=\"img\" ><\/div>\n\t\t\t\t\t\t\t\t\t\t\t<div class=\"elementor-gallery-item__overlay\"><\/div>\n\t\t\t\t\t\t\t\t\t\t\t\t\t\t<\/a>\n\t\t\t\t\t\t\t<a class=\"e-gallery-item elementor-gallery-item elementor-animated-content\" href=\"https:\/\/sebastiengagnon.ca\/blog\/wp-content\/uploads\/2026\/03\/studio10-scaled.jpg\" data-elementor-open-lightbox=\"yes\" data-elementor-lightbox-slideshow=\"14d51d3\" data-elementor-lightbox-title=\"studio10\" data-e-action-hash=\"#elementor-action%3Aaction%3Dlightbox%26settings%3DeyJpZCI6MTQ3NSwidXJsIjoiaHR0cHM6XC9cL3NlYmFzdGllbmdhZ25vbi5jYVwvYmxvZ1wvd3AtY29udGVudFwvdXBsb2Fkc1wvMjAyNlwvMDNcL3N0dWRpbzEwLXNjYWxlZC5qcGciLCJzbGlkZXNob3ciOiIxNGQ1MWQzIn0%3D\">\n\t\t\t\t\t<div class=\"e-gallery-image elementor-gallery-item__image\" data-thumbnail=\"https:\/\/sebastiengagnon.ca\/blog\/wp-content\/uploads\/2026\/03\/studio10-300x225.jpg\" data-width=\"300\" data-height=\"225\" aria-label=\"\" role=\"img\" ><\/div>\n\t\t\t\t\t\t\t\t\t\t\t<div class=\"elementor-gallery-item__overlay\"><\/div>\n\t\t\t\t\t\t\t\t\t\t\t\t\t\t<\/a>\n\t\t\t\t\t<\/div>\n\t\t\t\t\t<\/div>\n\t\t\t\t<\/div>\n\t\t\t\t\t<\/div>\n\t\t\t\t<\/div>\n\t\t\t\t<\/div>\n\t\t","protected":false},"excerpt":{"rendered":"<p>Biographie L&#8217;artiste N\u00e9 sous le signe des harmonies et initi\u00e9 \u00e0 l\u2019orgue d\u00e8s l\u2019\u00e2ge de six ans, je d\u00e9couvre tr\u00e8s t\u00f4t la magie des sons qui s\u2019entrelacent, des accords qui respirent et des rythmes qui racontent. En 1988, je compose ma premi\u00e8re v\u00e9ritable m\u00e9lodie \u2014 un moment fondateur qui marque&hellip; <\/p>\n","protected":false},"author":1,"featured_media":0,"parent":0,"menu_order":0,"comment_status":"closed","ping_status":"closed","template":"elementor_header_footer","meta":{"footnotes":""},"class_list":["post-1362","page","type-page","status-publish","hentry"],"_links":{"self":[{"href":"https:\/\/sebastiengagnon.ca\/blog\/index.php\/wp-json\/wp\/v2\/pages\/1362","targetHints":{"allow":["GET"]}}],"collection":[{"href":"https:\/\/sebastiengagnon.ca\/blog\/index.php\/wp-json\/wp\/v2\/pages"}],"about":[{"href":"https:\/\/sebastiengagnon.ca\/blog\/index.php\/wp-json\/wp\/v2\/types\/page"}],"author":[{"embeddable":true,"href":"https:\/\/sebastiengagnon.ca\/blog\/index.php\/wp-json\/wp\/v2\/users\/1"}],"replies":[{"embeddable":true,"href":"https:\/\/sebastiengagnon.ca\/blog\/index.php\/wp-json\/wp\/v2\/comments?post=1362"}],"version-history":[{"count":97,"href":"https:\/\/sebastiengagnon.ca\/blog\/index.php\/wp-json\/wp\/v2\/pages\/1362\/revisions"}],"predecessor-version":[{"id":1478,"href":"https:\/\/sebastiengagnon.ca\/blog\/index.php\/wp-json\/wp\/v2\/pages\/1362\/revisions\/1478"}],"wp:attachment":[{"href":"https:\/\/sebastiengagnon.ca\/blog\/index.php\/wp-json\/wp\/v2\/media?parent=1362"}],"curies":[{"name":"wp","href":"https:\/\/api.w.org\/{rel}","templated":true}]}}